{"id":23261,"date":"2025-01-22T21:49:04","date_gmt":"2025-01-22T17:49:04","guid":{"rendered":"https:\/\/airsystems.ge\/shop\/product\/dantherm-va-m15-mkii-tent-heater-tent-heaters\/"},"modified":"2025-04-01T11:38:50","modified_gmt":"2025-04-01T07:38:50","slug":"dantherm-va-m15-mkii-tent-heater-tent-heaters","status":"publish","type":"product","link":"https:\/\/climatemaster.ge\/az\/product\/dantherm-va-m15-mkii-tent-heater-tent-heaters\/","title":{"rendered":"Dantherm VA-M15 MKII \u2013 \u00e7ad\u0131r q\u0131zd\u0131r\u0131c\u0131s\u0131 \u00c7ad\u0131r q\u0131zd\u0131r\u0131c\u0131lar\u0131"},"content":{"rendered":"<div class=\"md:text-center\">\n<p><strong>\u018fsas x\u00fcsusiyy\u0259tl\u0259r<\/strong><br \/>\n-40\u00b0C-\u0259 q\u0259d\u0259r olan temperaturda i\u015fl\u0259y\u0259 bil\u0259r<br \/>\nRahat i\u015f m\u00fchiti yarad\u0131r<br \/>\nVertolyotlar kimi avadanl\u0131q v\u0259 n\u0259qliyyat isti v\u0259 istifad\u0259y\u0259 haz\u0131r qal\u0131r, a\u015f\u0131nman\u0131 azald\u0131r v\u0259 daha s\u00fcr\u0259tli cavab m\u00fcdd\u0259tini t\u0259min edir.<br \/>\nEtibarl\u0131 v\u0259 praktiki olaraq texniki xidm\u0259t t\u0259l\u0259b olunmur<br \/>\nBuz v\u0259 qar \u00fcz\u0259rind\u0259 bel\u0259 da\u015f\u0131maq asand\u0131r<br \/>\nAl\u0259tl\u0259rd\u0259n istifad\u0259 etm\u0259d\u0259n bir n\u0259f\u0259r t\u0259r\u0259find\u0259n qura\u015fd\u0131r\u0131la bil\u0259r v\u0259 istifad\u0259si asand\u0131r<br \/>\nNATO \u00f6lk\u0259l\u0259rinin silahl\u0131 q\u00fcvv\u0259l\u0259ri il\u0259 s\u0131x \u0259m\u0259kda\u015fl\u0131q \u015f\u0259raitind\u0259 haz\u0131rlanm\u0131\u015fd\u0131r<br \/>\nNATO standart\u0131 olaraq se\u00e7ilmi\u015f, b\u00fct\u00fcn NATO t\u0259l\u0259b v\u0259 normalar\u0131na uy\u011fundur<br \/>\nKanall\u0131 t\u0259dar\u00fck v\u0259 geri d\u00f6n\u0259n hava il\u0259 a\u00e7\u0131q havada i\u015fl\u0259m\u0259k \u00fc\u00e7\u00fcn ideald\u0131r<br \/>\nT\u0259nziml\u0259n\u0259n t\u0259miz hava q\u0259bulu<br \/>\nEffektiv \u00e7oxlu maye ocaq dem\u0259k olar ki, b\u00fct\u00fcn dizel yanaca\u011f\u0131n\u0131 q\u0259bul edir<\/p>\n<h3 class=\"text-black font-bold text-lg md:text-xl lg:text-2xl\"><strong>Product specifications<\/strong><\/h3>\n<\/div>\n<div class=\" md:mt-10\">\n<div class=\"\">\n<div class=\"lg:mt-0 \">\n<div id=\"spec-va-m15-mkii\" class=\"prose max-w-full md:overflow-auto\" data-spec-content=\"\">\n<div class=\"spreadsheet-container hidden md:block\">\n<table class=\"w-full table-fixed mb-0\">\n<thead>\n<tr>\n<th class=\"font-bold text-base\"><span class=\"block px-4\">Specifications<\/span><\/th>\n<th class=\"font-bold text-base text-center\"><span class=\"block px-10 md:px-20\">Units<\/span><\/th>\n<th class=\"font-bold text-base text-center will-change\"><span class=\"block px-4\">VA-M15\u00a0MKII<\/span><\/th>\n<\/tr>\n<\/thead>\n<tbody>\n<tr class=\"bg-grey-200\/50 p-2\">\n<td colspan=\"1\"><span class=\"block px-4\">Registered NSN number<\/span><\/td>\n<td class=\"text-center\">\n<div class=\"px-10 md:px-20 flex items-center justify-center\">&#8211;<\/div>\n<\/td>\n<td class=\"text-center will-change\">\n<div class=\"px-10 md:px-20 flex items-center justify-center\">Yes<\/div>\n<\/td>\n<\/tr>\n<tr class=\" p-2\">\n<td colspan=\"1\"><span class=\"block px-4\">Operating temperature range<\/span><\/td>\n<td class=\"text-center\">\n<div class=\"px-10 md:px-20 flex items-center justify-center\">\u00b0C<\/div>\n<\/td>\n<td class=\"text-center will-change\">\n<div class=\"px-10 md:px-20 flex items-center justify-center\">-40 \u2013 +30<\/div>\n<\/td>\n<\/tr>\n<tr class=\"bg-grey-200\/50 p-2\">\n<td colspan=\"1\"><span class=\"block px-4\">Heat output<\/span><\/td>\n<td class=\"text-center\">\n<div class=\"px-10 md:px-20 flex items-center justify-center\">kW<\/div>\n<\/td>\n<td class=\"text-center will-change\">\n<div class=\"px-10 md:px-20 flex items-center justify-center\">17.9<\/div>\n<\/td>\n<\/tr>\n<tr class=\" p-2\">\n<td colspan=\"1\"><span class=\"block px-4\">Air flow<\/span><\/td>\n<td class=\"text-center\">\n<div class=\"px-10 md:px-20 flex items-center justify-center\">m\u00b3\/h<\/div>\n<\/td>\n<td class=\"text-center will-change\">\n<div class=\"px-10 md:px-20 flex items-center justify-center\">1,080<\/div>\n<\/td>\n<\/tr>\n<tr class=\"bg-grey-200\/50 p-2\">\n<td colspan=\"1\"><span class=\"block px-4\">Sound level @ 1.5m<\/span><\/td>\n<td class=\"text-center\">\n<div class=\"px-10 md:px-20 flex items-center justify-center\">dB(A)<\/div>\n<\/td>\n<td class=\"text-center will-change\">\n<div class=\"px-10 md:px-20 flex items-center justify-center\">60<\/div>\n<\/td>\n<\/tr>\n<tr class=\" p-2\">\n<td colspan=\"1\"><span class=\"block px-4\">Protection class<\/span><\/td>\n<td class=\"text-center\">\n<div class=\"px-10 md:px-20 flex items-center justify-center\"><\/div>\n<\/td>\n<td class=\"text-center will-change\">\n<div class=\"px-10 md:px-20 flex items-center justify-center\">IPX4<\/div>\n<\/td>\n<\/tr>\n<tr class=\"bg-grey-200\/50 p-2\">\n<td colspan=\"1\"><span class=\"block px-4\">Max. fuel consumption<\/span><\/td>\n<td class=\"text-center\">\n<div class=\"px-10 md:px-20 flex items-center justify-center\">l\/h<\/div>\n<\/td>\n<td class=\"text-center will-change\">\n<div class=\"px-10 md:px-20 flex items-center justify-center\">1.7<\/div>\n<\/td>\n<\/tr>\n<tr class=\" p-2\">\n<td colspan=\"1\"><span class=\"block px-4\">Power supply<\/span><\/td>\n<td class=\"text-center\">\n<div class=\"px-10 md:px-20 flex items-center justify-center\">V\/Hz<\/div>\n<\/td>\n<td class=\"text-center will-change\">\n<div class=\"px-10 md:px-20 flex items-center justify-center\">230\/1ph\/50<\/div>\n<\/td>\n<\/tr>\n<tr class=\"bg-grey-200\/50 p-2\">\n<td colspan=\"1\"><span class=\"block px-4\">Max. power consumption<\/span><\/td>\n<td class=\"text-center\">\n<div class=\"px-10 md:px-20 flex items-center justify-center\">W<\/div>\n<\/td>\n<td class=\"text-center will-change\">\n<div class=\"px-10 md:px-20 flex items-center justify-center\">1,000<\/div>\n<\/td>\n<\/tr>\n<tr class=\" p-2\">\n<td colspan=\"1\"><span class=\"block px-4\">Air discharge temperature<\/span><\/td>\n<td class=\"text-center\">\n<div class=\"px-10 md:px-20 flex items-center justify-center\">\u00b0C<\/div>\n<\/td>\n<td class=\"text-center will-change\">\n<div class=\"px-10 md:px-20 flex items-center justify-center\">80<\/div>\n<\/td>\n<\/tr>\n<tr class=\"bg-grey-200\/50 p-2\">\n<td colspan=\"1\"><span class=\"block px-4\">Flex duct connection<\/span><\/td>\n<td class=\"text-center\">\n<div class=\"px-10 md:px-20 flex items-center justify-center\">\u00d8mm<\/div>\n<\/td>\n<td class=\"text-center will-change\">\n<div class=\"px-10 md:px-20 flex items-center justify-center\">225<\/div>\n<\/td>\n<\/tr>\n<tr class=\" p-2\">\n<td colspan=\"1\"><span class=\"block px-4\">Product size (h x l x w)<\/span><\/td>\n<td class=\"text-center\">\n<div class=\"px-10 md:px-20 flex items-center justify-center\">mm<\/div>\n<\/td>\n<td class=\"text-center will-change\">\n<div class=\"px-10 md:px-20 flex items-center justify-center\">605 x 1360 x 490<\/div>\n<\/td>\n<\/tr>\n<tr class=\"bg-grey-200\/50 p-2\">\n<td colspan=\"1\"><span class=\"block px-4\">Weight<\/span><\/td>\n<td class=\"text-center\">\n<div class=\"px-10 md:px-20 flex items-center justify-center\">kg<\/div>\n<\/td>\n<td class=\"text-center will-change\">\n<div class=\"px-10 md:px-20 flex items-center justify-center\">93<\/div>\n<\/td>\n<\/tr>\n<\/tbody>\n<\/table>\n<p><strong>Uy\u011fundur:<\/strong><br \/>\nD\u00fc\u015f\u0259rg\u0259l\u0259r v\u0259 sah\u0259 x\u0259st\u0259xanalar\u0131<br \/>\nT\u0259dbirl\u0259r v\u0259 festivallar<br \/>\nH\u0259rbi v\u0259 aerokosmik<\/p>\n<h2 class=\"font-bold text-sm md:text-lg\"><a class=\"underline underline-offset-2 decoration-transparent transition duration-300 ease-linear hover:decoration-black\" href=\"https:\/\/www.danthermgroup.com\/downloads\/dantherm-humanitarian-defence-catalogue\" target=\"_blank\" rel=\"nofollow noindex noopener\">Dantherm Group catalogue \u2013 Humanitarian and Defence<\/a><\/h2>\n<\/div>\n<\/div>\n<\/div>\n<\/div>\n<\/div>\n","protected":false},"excerpt":{"rendered":"<p>VA-M1 5MKII \u00e7ad\u0131rlarda v\u0259 ya m\u00fcv\u0259qq\u0259ti, da\u015f\u0131na bil\u0259n binalarda istilik t\u0259min ed\u0259n da\u015f\u0131na bil\u0259n qur\u011fudur. B\u00f6lm\u0259 NATO \u00f6lk\u0259l\u0259rinin silahl\u0131 q\u00fcvv\u0259l\u0259ri il\u0259 s\u0131x \u0259m\u0259kda\u015fl\u0131q \u015f\u0259raitind\u0259 haz\u0131rlan\u0131b v\u0259 \u00e7ad\u0131rdan k\u0259narda yerl\u0259\u015fdirilm\u0259k, t\u0259dar\u00fck v\u0259 geri havan\u0131n \u00e7ad\u0131ra \u00f6t\u00fcr\u00fclm\u0259si \u00fc\u00e7\u00fcn n\u0259z\u0259rd\u0259 tutulub.<\/p>\n<p>Q\u0131zd\u0131r\u0131c\u0131 yanma v\u0259 ya t\u00fcst\u00fcl\u0259rin i\u015f\u011fal olunmu\u015f \u0259razil\u0259r\u0259 daxil olmas\u0131n\u0131n qar\u015f\u0131s\u0131n\u0131 almaq \u00fc\u00e7\u00fcn birba\u015fa yanma (t\u0259miz hava) prinsipin\u0259 \u0259saslan\u0131r. M\u0259cburi hava sistemi \u0259n s\u00fcr\u0259tli isinm\u0259 qabiliyy\u0259tini t\u0259min edir. Q\u0131zd\u0131r\u0131c\u0131 mahiyy\u0259tc\u0259 m\u00fcst\u0259qildir, yaln\u0131z xarici elektrik enerjisi v\u0259 yanacaq m\u0259nb\u0259yi t\u0259l\u0259b edir. Cihaz dem\u0259k olar ki, b\u00fct\u00fcn dizel yanacaqlar\u0131nda effektiv i\u015fl\u0259yir. Bunlar xarici bidonlara v\u0259 ya barabanlara qo\u015fula bil\u0259n yanacaq \u015flanq\u0131 d\u0259sti il\u0259 t\u0259min edilir.<\/p>\n<p>B\u00fct\u00fcn \u00e7ad\u0131r q\u0131zd\u0131r\u0131c\u0131lar\u0131m\u0131za bax\u0131n v\u0259 ya t\u0259l\u0259b olunan t\u0259tbiql\u0259riniz\u0259 cavab verm\u0259k \u00fc\u00e7\u00fcn dolay\u0131 yanacaq, dolay\u0131 yanacaq v\u0259 ya dig\u0259r n\u00f6v kommersiya q\u0131zd\u0131r\u0131c\u0131s\u0131 axtar\u0131n.<\/p>\n","protected":false},"featured_media":22134,"template":"","meta":[],"product_brand":[],"product_cat":[1142,809,810],"product_tag":[],"class_list":{"0":"post-23261","1":"product","2":"type-product","3":"status-publish","4":"has-post-thumbnail","6":"product_cat-cadir-qizdiricisi-az-dizel","7":"product_cat-hava-nmlndiricisi-kondisioner-az-ventilyasiya-ventilyator","8":"product_cat-kolorifer-qizdirici-istilik-az","10":"first","11":"instock","12":"shipping-taxable","13":"product-type-simple"},"yoast_head":"<!-- This site is optimized with the Yoast SEO plugin v27.1.1 - https:\/\/yoast.com\/product\/yoast-seo-wordpress\/ -->\n<title>Dantherm VA-M15 MKII \u2013 \u00e7ad\u0131r q\u0131zd\u0131r\u0131c\u0131s\u0131 \u00c7ad\u0131r q\u0131zd\u0131r\u0131c\u0131lar\u0131 - Climate Master<\/title>\n<meta name=\"robots\" content=\"index, follow, max-snippet:-1, max-image-preview:large, max-video-preview:-1\" \/>\n<link rel=\"canonical\" href=\"https:\/\/climatemaster.ge\/az\/product\/dantherm-va-m15-mkii-tent-heater-tent-heaters\/\" \/>\n<meta property=\"og:locale\" content=\"az_AZ\" \/>\n<meta property=\"og:type\" content=\"article\" \/>\n<meta property=\"og:title\" content=\"Dantherm VA-M15 MKII \u2013 \u00e7ad\u0131r q\u0131zd\u0131r\u0131c\u0131s\u0131 \u00c7ad\u0131r q\u0131zd\u0131r\u0131c\u0131lar\u0131 - Climate Master\" \/>\n<meta property=\"og:description\" content=\"VA-M1 5MKII \u00e7ad\u0131rlarda v\u0259 ya m\u00fcv\u0259qq\u0259ti, da\u015f\u0131na bil\u0259n binalarda istilik t\u0259min ed\u0259n da\u015f\u0131na bil\u0259n qur\u011fudur. B\u00f6lm\u0259 NATO \u00f6lk\u0259l\u0259rinin silahl\u0131 q\u00fcvv\u0259l\u0259ri il\u0259 s\u0131x \u0259m\u0259kda\u015fl\u0131q \u015f\u0259raitind\u0259 haz\u0131rlan\u0131b v\u0259 \u00e7ad\u0131rdan k\u0259narda yerl\u0259\u015fdirilm\u0259k, t\u0259dar\u00fck v\u0259 geri havan\u0131n \u00e7ad\u0131ra \u00f6t\u00fcr\u00fclm\u0259si \u00fc\u00e7\u00fcn n\u0259z\u0259rd\u0259 tutulub.  Q\u0131zd\u0131r\u0131c\u0131 yanma v\u0259 ya t\u00fcst\u00fcl\u0259rin i\u015f\u011fal olunmu\u015f \u0259razil\u0259r\u0259 daxil olmas\u0131n\u0131n qar\u015f\u0131s\u0131n\u0131 almaq \u00fc\u00e7\u00fcn birba\u015fa yanma (t\u0259miz hava) prinsipin\u0259 \u0259saslan\u0131r. M\u0259cburi hava sistemi \u0259n s\u00fcr\u0259tli isinm\u0259 qabiliyy\u0259tini t\u0259min edir. Q\u0131zd\u0131r\u0131c\u0131 mahiyy\u0259tc\u0259 m\u00fcst\u0259qildir, yaln\u0131z xarici elektrik enerjisi v\u0259 yanacaq m\u0259nb\u0259yi t\u0259l\u0259b edir. Cihaz dem\u0259k olar ki, b\u00fct\u00fcn dizel yanacaqlar\u0131nda effektiv i\u015fl\u0259yir. Bunlar xarici bidonlara v\u0259 ya barabanlara qo\u015fula bil\u0259n yanacaq \u015flanq\u0131 d\u0259sti il\u0259 t\u0259min edilir.  B\u00fct\u00fcn \u00e7ad\u0131r q\u0131zd\u0131r\u0131c\u0131lar\u0131m\u0131za bax\u0131n v\u0259 ya t\u0259l\u0259b olunan t\u0259tbiql\u0259riniz\u0259 cavab verm\u0259k \u00fc\u00e7\u00fcn dolay\u0131 yanacaq, dolay\u0131 yanacaq v\u0259 ya dig\u0259r n\u00f6v kommersiya q\u0131zd\u0131r\u0131c\u0131s\u0131 axtar\u0131n.\" \/>\n<meta property=\"og:url\" content=\"https:\/\/climatemaster.ge\/az\/product\/dantherm-va-m15-mkii-tent-heater-tent-heaters\/\" \/>\n<meta property=\"og:site_name\" content=\"Climate Master\" \/>\n<meta property=\"article:modified_time\" content=\"2025-04-01T07:38:50+00:00\" \/>\n<meta property=\"og:image\" content=\"https:\/\/climatemaster.ge\/wp-content\/uploads\/2025\/01\/Dantherm-VA-M15MKII.jpg\" \/>\n\t<meta property=\"og:image:width\" content=\"1000\" \/>\n\t<meta property=\"og:image:height\" content=\"1000\" \/>\n\t<meta property=\"og:image:type\" content=\"image\/jpeg\" \/>\n<meta name=\"twitter:card\" content=\"summary_large_image\" \/>\n<meta name=\"twitter:label1\" content=\"Est. reading time\" \/>\n\t<meta name=\"twitter:data1\" content=\"1 minute\" \/>\n<script type=\"application\/ld+json\" class=\"yoast-schema-graph\">{\"@context\":\"https:\/\/schema.org\",\"@graph\":[{\"@type\":\"WebPage\",\"@id\":\"https:\/\/climatemaster.ge\/az\/product\/dantherm-va-m15-mkii-tent-heater-tent-heaters\/\",\"url\":\"https:\/\/climatemaster.ge\/az\/product\/dantherm-va-m15-mkii-tent-heater-tent-heaters\/\",\"name\":\"Dantherm VA-M15 MKII \u2013 \u00e7ad\u0131r q\u0131zd\u0131r\u0131c\u0131s\u0131 \u00c7ad\u0131r q\u0131zd\u0131r\u0131c\u0131lar\u0131 - Climate Master\",\"isPartOf\":{\"@id\":\"https:\/\/climatemaster.ge\/#website\"},\"primaryImageOfPage\":{\"@id\":\"https:\/\/climatemaster.ge\/az\/product\/dantherm-va-m15-mkii-tent-heater-tent-heaters\/#primaryimage\"},\"image\":{\"@id\":\"https:\/\/climatemaster.ge\/az\/product\/dantherm-va-m15-mkii-tent-heater-tent-heaters\/#primaryimage\"},\"thumbnailUrl\":\"https:\/\/climatemaster.ge\/wp-content\/uploads\/2025\/01\/Dantherm-VA-M15MKII.jpg\",\"datePublished\":\"2025-01-22T17:49:04+00:00\",\"dateModified\":\"2025-04-01T07:38:50+00:00\",\"breadcrumb\":{\"@id\":\"https:\/\/climatemaster.ge\/az\/product\/dantherm-va-m15-mkii-tent-heater-tent-heaters\/#breadcrumb\"},\"inLanguage\":\"az\",\"potentialAction\":[{\"@type\":\"ReadAction\",\"target\":[\"https:\/\/climatemaster.ge\/az\/product\/dantherm-va-m15-mkii-tent-heater-tent-heaters\/\"]}]},{\"@type\":\"ImageObject\",\"inLanguage\":\"az\",\"@id\":\"https:\/\/climatemaster.ge\/az\/product\/dantherm-va-m15-mkii-tent-heater-tent-heaters\/#primaryimage\",\"url\":\"https:\/\/climatemaster.ge\/wp-content\/uploads\/2025\/01\/Dantherm-VA-M15MKII.jpg\",\"contentUrl\":\"https:\/\/climatemaster.ge\/wp-content\/uploads\/2025\/01\/Dantherm-VA-M15MKII.jpg\",\"width\":1000,\"height\":1000},{\"@type\":\"BreadcrumbList\",\"@id\":\"https:\/\/climatemaster.ge\/az\/product\/dantherm-va-m15-mkii-tent-heater-tent-heaters\/#breadcrumb\",\"itemListElement\":[{\"@type\":\"ListItem\",\"position\":1,\"name\":\"Home\",\"item\":\"https:\/\/climatemaster.ge\/\"},{\"@type\":\"ListItem\",\"position\":2,\"name\":\"M\u0259hsullar\",\"item\":\"https:\/\/climatemaster.ge\/products\/\"},{\"@type\":\"ListItem\",\"position\":3,\"name\":\"Dantherm VA-M15 MKII \u2013 \u00e7ad\u0131r q\u0131zd\u0131r\u0131c\u0131s\u0131 \u00c7ad\u0131r q\u0131zd\u0131r\u0131c\u0131lar\u0131\"}]},{\"@type\":\"WebSite\",\"@id\":\"https:\/\/climatemaster.ge\/#website\",\"url\":\"https:\/\/climatemaster.ge\/\",\"name\":\"Climate Master\",\"description\":\"\",\"publisher\":{\"@id\":\"https:\/\/climatemaster.ge\/#organization\"},\"potentialAction\":[{\"@type\":\"SearchAction\",\"target\":{\"@type\":\"EntryPoint\",\"urlTemplate\":\"https:\/\/climatemaster.ge\/?s={search_term_string}\"},\"query-input\":{\"@type\":\"PropertyValueSpecification\",\"valueRequired\":true,\"valueName\":\"search_term_string\"}}],\"inLanguage\":\"az\"},{\"@type\":\"Organization\",\"@id\":\"https:\/\/climatemaster.ge\/#organization\",\"name\":\"Climate Master\",\"url\":\"https:\/\/climatemaster.ge\/\",\"logo\":{\"@type\":\"ImageObject\",\"inLanguage\":\"az\",\"@id\":\"https:\/\/climatemaster.ge\/#\/schema\/logo\/image\/\",\"url\":\"https:\/\/climatemaster.ge\/wp-content\/uploads\/2026\/03\/Untitled-2.png\",\"contentUrl\":\"https:\/\/climatemaster.ge\/wp-content\/uploads\/2026\/03\/Untitled-2.png\",\"width\":600,\"height\":338,\"caption\":\"Climate Master\"},\"image\":{\"@id\":\"https:\/\/climatemaster.ge\/#\/schema\/logo\/image\/\"}}]}<\/script>\n<!-- \/ Yoast SEO plugin. -->","yoast_head_json":{"title":"Dantherm VA-M15 MKII \u2013 \u00e7ad\u0131r q\u0131zd\u0131r\u0131c\u0131s\u0131 \u00c7ad\u0131r q\u0131zd\u0131r\u0131c\u0131lar\u0131 - Climate Master","robots":{"index":"index","follow":"follow","max-snippet":"max-snippet:-1","max-image-preview":"max-image-preview:large","max-video-preview":"max-video-preview:-1"},"canonical":"https:\/\/climatemaster.ge\/az\/product\/dantherm-va-m15-mkii-tent-heater-tent-heaters\/","og_locale":"az_AZ","og_type":"article","og_title":"Dantherm VA-M15 MKII \u2013 \u00e7ad\u0131r q\u0131zd\u0131r\u0131c\u0131s\u0131 \u00c7ad\u0131r q\u0131zd\u0131r\u0131c\u0131lar\u0131 - Climate Master","og_description":"VA-M1 5MKII \u00e7ad\u0131rlarda v\u0259 ya m\u00fcv\u0259qq\u0259ti, da\u015f\u0131na bil\u0259n binalarda istilik t\u0259min ed\u0259n da\u015f\u0131na bil\u0259n qur\u011fudur. B\u00f6lm\u0259 NATO \u00f6lk\u0259l\u0259rinin silahl\u0131 q\u00fcvv\u0259l\u0259ri il\u0259 s\u0131x \u0259m\u0259kda\u015fl\u0131q \u015f\u0259raitind\u0259 haz\u0131rlan\u0131b v\u0259 \u00e7ad\u0131rdan k\u0259narda yerl\u0259\u015fdirilm\u0259k, t\u0259dar\u00fck v\u0259 geri havan\u0131n \u00e7ad\u0131ra \u00f6t\u00fcr\u00fclm\u0259si \u00fc\u00e7\u00fcn n\u0259z\u0259rd\u0259 tutulub.  Q\u0131zd\u0131r\u0131c\u0131 yanma v\u0259 ya t\u00fcst\u00fcl\u0259rin i\u015f\u011fal olunmu\u015f \u0259razil\u0259r\u0259 daxil olmas\u0131n\u0131n qar\u015f\u0131s\u0131n\u0131 almaq \u00fc\u00e7\u00fcn birba\u015fa yanma (t\u0259miz hava) prinsipin\u0259 \u0259saslan\u0131r. M\u0259cburi hava sistemi \u0259n s\u00fcr\u0259tli isinm\u0259 qabiliyy\u0259tini t\u0259min edir. Q\u0131zd\u0131r\u0131c\u0131 mahiyy\u0259tc\u0259 m\u00fcst\u0259qildir, yaln\u0131z xarici elektrik enerjisi v\u0259 yanacaq m\u0259nb\u0259yi t\u0259l\u0259b edir. Cihaz dem\u0259k olar ki, b\u00fct\u00fcn dizel yanacaqlar\u0131nda effektiv i\u015fl\u0259yir. Bunlar xarici bidonlara v\u0259 ya barabanlara qo\u015fula bil\u0259n yanacaq \u015flanq\u0131 d\u0259sti il\u0259 t\u0259min edilir.  B\u00fct\u00fcn \u00e7ad\u0131r q\u0131zd\u0131r\u0131c\u0131lar\u0131m\u0131za bax\u0131n v\u0259 ya t\u0259l\u0259b olunan t\u0259tbiql\u0259riniz\u0259 cavab verm\u0259k \u00fc\u00e7\u00fcn dolay\u0131 yanacaq, dolay\u0131 yanacaq v\u0259 ya dig\u0259r n\u00f6v kommersiya q\u0131zd\u0131r\u0131c\u0131s\u0131 axtar\u0131n.","og_url":"https:\/\/climatemaster.ge\/az\/product\/dantherm-va-m15-mkii-tent-heater-tent-heaters\/","og_site_name":"Climate Master","article_modified_time":"2025-04-01T07:38:50+00:00","og_image":[{"width":1000,"height":1000,"url":"https:\/\/climatemaster.ge\/wp-content\/uploads\/2025\/01\/Dantherm-VA-M15MKII.jpg","type":"image\/jpeg"}],"twitter_card":"summary_large_image","twitter_misc":{"Est. reading time":"1 minute"},"schema":{"@context":"https:\/\/schema.org","@graph":[{"@type":"WebPage","@id":"https:\/\/climatemaster.ge\/az\/product\/dantherm-va-m15-mkii-tent-heater-tent-heaters\/","url":"https:\/\/climatemaster.ge\/az\/product\/dantherm-va-m15-mkii-tent-heater-tent-heaters\/","name":"Dantherm VA-M15 MKII \u2013 \u00e7ad\u0131r q\u0131zd\u0131r\u0131c\u0131s\u0131 \u00c7ad\u0131r q\u0131zd\u0131r\u0131c\u0131lar\u0131 - Climate Master","isPartOf":{"@id":"https:\/\/climatemaster.ge\/#website"},"primaryImageOfPage":{"@id":"https:\/\/climatemaster.ge\/az\/product\/dantherm-va-m15-mkii-tent-heater-tent-heaters\/#primaryimage"},"image":{"@id":"https:\/\/climatemaster.ge\/az\/product\/dantherm-va-m15-mkii-tent-heater-tent-heaters\/#primaryimage"},"thumbnailUrl":"https:\/\/climatemaster.ge\/wp-content\/uploads\/2025\/01\/Dantherm-VA-M15MKII.jpg","datePublished":"2025-01-22T17:49:04+00:00","dateModified":"2025-04-01T07:38:50+00:00","breadcrumb":{"@id":"https:\/\/climatemaster.ge\/az\/product\/dantherm-va-m15-mkii-tent-heater-tent-heaters\/#breadcrumb"},"inLanguage":"az","potentialAction":[{"@type":"ReadAction","target":["https:\/\/climatemaster.ge\/az\/product\/dantherm-va-m15-mkii-tent-heater-tent-heaters\/"]}]},{"@type":"ImageObject","inLanguage":"az","@id":"https:\/\/climatemaster.ge\/az\/product\/dantherm-va-m15-mkii-tent-heater-tent-heaters\/#primaryimage","url":"https:\/\/climatemaster.ge\/wp-content\/uploads\/2025\/01\/Dantherm-VA-M15MKII.jpg","contentUrl":"https:\/\/climatemaster.ge\/wp-content\/uploads\/2025\/01\/Dantherm-VA-M15MKII.jpg","width":1000,"height":1000},{"@type":"BreadcrumbList","@id":"https:\/\/climatemaster.ge\/az\/product\/dantherm-va-m15-mkii-tent-heater-tent-heaters\/#breadcrumb","itemListElement":[{"@type":"ListItem","position":1,"name":"Home","item":"https:\/\/climatemaster.ge\/"},{"@type":"ListItem","position":2,"name":"M\u0259hsullar","item":"https:\/\/climatemaster.ge\/products\/"},{"@type":"ListItem","position":3,"name":"Dantherm VA-M15 MKII \u2013 \u00e7ad\u0131r q\u0131zd\u0131r\u0131c\u0131s\u0131 \u00c7ad\u0131r q\u0131zd\u0131r\u0131c\u0131lar\u0131"}]},{"@type":"WebSite","@id":"https:\/\/climatemaster.ge\/#website","url":"https:\/\/climatemaster.ge\/","name":"Climate Master","description":"","publisher":{"@id":"https:\/\/climatemaster.ge\/#organization"},"potentialAction":[{"@type":"SearchAction","target":{"@type":"EntryPoint","urlTemplate":"https:\/\/climatemaster.ge\/?s={search_term_string}"},"query-input":{"@type":"PropertyValueSpecification","valueRequired":true,"valueName":"search_term_string"}}],"inLanguage":"az"},{"@type":"Organization","@id":"https:\/\/climatemaster.ge\/#organization","name":"Climate Master","url":"https:\/\/climatemaster.ge\/","logo":{"@type":"ImageObject","inLanguage":"az","@id":"https:\/\/climatemaster.ge\/#\/schema\/logo\/image\/","url":"https:\/\/climatemaster.ge\/wp-content\/uploads\/2026\/03\/Untitled-2.png","contentUrl":"https:\/\/climatemaster.ge\/wp-content\/uploads\/2026\/03\/Untitled-2.png","width":600,"height":338,"caption":"Climate Master"},"image":{"@id":"https:\/\/climatemaster.ge\/#\/schema\/logo\/image\/"}}]}},"_links":{"self":[{"href":"https:\/\/climatemaster.ge\/az\/wp-json\/wp\/v2\/product\/23261","targetHints":{"allow":["GET"]}}],"collection":[{"href":"https:\/\/climatemaster.ge\/az\/wp-json\/wp\/v2\/product"}],"about":[{"href":"https:\/\/climatemaster.ge\/az\/wp-json\/wp\/v2\/types\/product"}],"wp:featuredmedia":[{"embeddable":true,"href":"https:\/\/climatemaster.ge\/az\/wp-json\/wp\/v2\/media\/22134"}],"wp:attachment":[{"href":"https:\/\/climatemaster.ge\/az\/wp-json\/wp\/v2\/media?parent=23261"}],"wp:term":[{"taxonomy":"product_brand","embeddable":true,"href":"https:\/\/climatemaster.ge\/az\/wp-json\/wp\/v2\/product_brand?post=23261"},{"taxonomy":"product_cat","embeddable":true,"href":"https:\/\/climatemaster.ge\/az\/wp-json\/wp\/v2\/product_cat?post=23261"},{"taxonomy":"product_tag","embeddable":true,"href":"https:\/\/climatemaster.ge\/az\/wp-json\/wp\/v2\/product_tag?post=23261"}],"curies":[{"name":"wp","href":"https:\/\/api.w.org\/{rel}","templated":true}]}}