{"id":23224,"date":"2024-11-11T20:13:29","date_gmt":"2024-11-11T16:13:29","guid":{"rendered":"https:\/\/airsystems.ge\/shop\/product\/ozone-disinfector-airozon-14-eco\/"},"modified":"2025-02-20T22:10:02","modified_gmt":"2025-02-20T18:10:02","slug":"ozone-disinfector-airozon-14-eco","status":"publish","type":"product","link":"https:\/\/climatemaster.ge\/az\/product\/ozone-disinfector-airozon-14-eco\/","title":{"rendered":"Ozon dezinfektoru Airozon\u00ae 14 ECO"},"content":{"rendered":"<div class=\" header\">\n<div class=\"csc-header csc-header-n1\">\n<p>Bir ne\u00e7\u0259 praktik fayda:<\/p>\n<p>D\u0259yi\u015f\u0259n t\u0259nziml\u0259n\u0259n ozon \u00e7\u0131x\u0131\u015f\u0131 il\u0259 dezinfeksiya v\u0259 qoxular\u0131n z\u0259r\u0259rsizl\u0259\u015fdirilm\u0259si \u00fc\u00e7\u00fcn \u0259lveri\u015fli kompakt cihaz<br \/>\nYax\u015f\u0131 qurulmu\u015f idar\u0259etm\u0259 paneli\u00a0\u2013 sad\u0259 idar\u0259etm\u0259<br \/>\n7.000 v\u0259 ya 14.000 mq\/saat il\u0259 iki m\u0259rh\u0259l\u0259li ozon \u00e7\u0131x\u0131\u015f\u0131<br \/>\n0 il\u0259 120 d\u0259qiq\u0259 aras\u0131nda m\u00fcalic\u0259 m\u00fcdd\u0259tini \u0259vv\u0259lc\u0259d\u0259n se\u00e7m\u0259k \u00fc\u00e7\u00fcn taymer funksiyas\u0131<br \/>\nKorona bo\u015falmas\u0131 (Covid v\u0259 ya SARS il\u0259 he\u00e7 bir \u0259laq\u0259si yoxdur) keramika \u0259sasl\u0131 bir dielektrik m\u00fchit vasit\u0259si il\u0259 istehsal olunan elektrik bo\u015falmas\u0131n\u0131n bir formas\u0131 kimi<br \/>\nPaslanmayan poladdan haz\u0131rlanm\u0131\u015f inteqrasiya edilmi\u015f \u00f6n filtr daxili komponentl\u0259rin \u00e7irkl\u0259nm\u0259sinin qar\u015f\u0131s\u0131n\u0131 al\u0131r<\/p>\n<\/div>\n<\/div>\n<table id=\"t067322896d62ea\" class=\"tech\" cellspacing=\"0\" cellpadding=\"0\">\n<thead>\n<tr class=\"titlerow\">\n<th class=\"color\" colspan=\"3\">Technical data<\/th>\n<\/tr>\n<\/thead>\n<tbody>\n<tr class=\"headerrow\">\n<th colspan=\"3\">General information<\/th>\n<\/tr>\n<tr class=\"odd\">\n<th width=\"30%\"><\/th>\n<th width=\"30%\">Article number<\/th>\n<td width=\"40%\">1.180.000.090<\/td>\n<\/tr>\n<tr class=\"headerrow\">\n<th colspan=\"3\">Air flow rate<\/th>\n<\/tr>\n<tr class=\"odd\">\n<th width=\"30%\"><\/th>\n<th width=\"30%\">Max. air volume flow [m\u00b3\/h]<\/th>\n<td width=\"40%\">168<\/td>\n<\/tr>\n<tr class=\"headerrow\">\n<th colspan=\"3\">Ozone output<\/th>\n<\/tr>\n<tr class=\"odd\">\n<th width=\"30%\"><\/th>\n<th width=\"30%\">Ozonabgabe<\/th>\n<td width=\"40%\"><\/td>\n<\/tr>\n<tr class=\"even\">\n<th width=\"30%\"><\/th>\n<th width=\"30%\">Max. ozone output [mg\/h]<\/th>\n<td width=\"40%\">14,000<\/td>\n<\/tr>\n<tr class=\"headerrow\">\n<th colspan=\"3\">Electrical values<\/th>\n<\/tr>\n<tr class=\"odd\">\n<th width=\"30%\"><\/th>\n<th width=\"30%\">Mains connection<\/th>\n<td width=\"40%\">220 &#8211; 240\u00a0V, 50 Hz<\/td>\n<\/tr>\n<tr class=\"even\">\n<th width=\"30%\"><\/th>\n<th width=\"30%\">Max. power input [W]<\/th>\n<td width=\"40%\">180<\/td>\n<\/tr>\n<tr class=\"odd\">\n<th width=\"30%\"><\/th>\n<th width=\"30%\">Nominal current consumption [A]<\/th>\n<td width=\"40%\">0.8<\/td>\n<\/tr>\n<tr class=\"even\">\n<th width=\"30%\"><\/th>\n<th width=\"30%\">Recommended fusing [A]<\/th>\n<td width=\"40%\">10<\/td>\n<\/tr>\n<tr class=\"headerrow\">\n<th colspan=\"3\">Electric connection<\/th>\n<\/tr>\n<tr class=\"odd\">\n<th width=\"30%\"><\/th>\n<th width=\"30%\">Connection plug<\/th>\n<td width=\"40%\">CEE 7\/7<\/td>\n<\/tr>\n<tr class=\"even\">\n<th width=\"30%\"><\/th>\n<th width=\"30%\">Cable length [m]<\/th>\n<td width=\"40%\">1.4<\/td>\n<\/tr>\n<tr class=\"headerrow\">\n<th colspan=\"3\">Dimensions<\/th>\n<\/tr>\n<tr class=\"odd\">\n<th width=\"30%\"><\/th>\n<th width=\"30%\">Length (packaging excluded) [mm]<\/th>\n<td width=\"40%\">290<\/td>\n<\/tr>\n<tr class=\"even\">\n<th width=\"30%\"><\/th>\n<th width=\"30%\">Width (packaging excluded) [mm]<\/th>\n<td width=\"40%\">166<\/td>\n<\/tr>\n<tr class=\"odd\">\n<th width=\"30%\"><\/th>\n<th width=\"30%\">Height (packaging excluded) [mm]<\/th>\n<td width=\"40%\">275<\/td>\n<\/tr>\n<tr class=\"headerrow\">\n<th colspan=\"3\">Weight<\/th>\n<\/tr>\n<tr class=\"odd\">\n<th width=\"30%\"><\/th>\n<th width=\"30%\">(packaging excluded) [kg]<\/th>\n<td width=\"40%\">4<\/td>\n<\/tr>\n<\/tbody>\n<\/table>\n<table id=\"t167322896d62ea\" class=\"tech\" cellspacing=\"0\" cellpadding=\"0\">\n<thead>\n<tr class=\"titlerow\">\n<th class=\"color\" colspan=\"3\">Equipment, features and functions<\/th>\n<\/tr>\n<\/thead>\n<tbody>\n<tr class=\"headerrow\">\n<th colspan=\"3\">Regeneration mode<\/th>\n<\/tr>\n<tr class=\"odd\">\n<th width=\"30%\"><\/th>\n<th width=\"30%\">Oxygen regeneration mode<\/th>\n<td width=\"40%\"><\/td>\n<\/tr>\n<tr class=\"headerrow\">\n<th colspan=\"3\">Functions and features<\/th>\n<\/tr>\n<tr class=\"odd\">\n<th width=\"30%\"><\/th>\n<th width=\"30%\">Operating control lamp<\/th>\n<td width=\"40%\"><\/td>\n<\/tr>\n<tr class=\"even\">\n<th width=\"30%\"><\/th>\n<th width=\"30%\">Timer<\/th>\n<td width=\"40%\"><\/td>\n<\/tr>\n<tr class=\"headerrow\">\n<th colspan=\"3\">Operating hours counter<\/th>\n<\/tr>\n<tr class=\"odd\">\n<th width=\"30%\"><\/th>\n<th width=\"30%\">integrated<\/th>\n<td width=\"40%\"><\/td>\n<\/tr>\n<\/tbody>\n<\/table>\n<p>&nbsp;<\/p>\n<div class=\"csc-header csc-header-n1\">\n<h3 class=\"csc-firstHeader\">These and many other application areas make investing in the Airozon\u00a014 ECO particularly worthwhile:<\/h3>\n<\/div>\n<div class=\"grid \">\n<div class=\"column column-1 col-md-4 \">\n<p>&nbsp;<\/p>\n<div id=\"c1839813\" class=\"csc-default ctype-text\">\n<ul class=\"csc-bulletlist-3\">\n<li>Hotels and room letting companies<\/li>\n<li>Real estate companies<\/li>\n<li>Taxi companies<\/li>\n<li>Car hire companies<\/li>\n<li>Car dealers<\/li>\n<li>Boat rental<\/li>\n<\/ul>\n<\/div>\n<\/div>\n<div class=\"column column-2 col-md-4 \">\n<div id=\"c1839814\" class=\"csc-default ctype-text\">\n<ul class=\"csc-bulletlist-3\">\n<li>Holiday homes<\/li>\n<li>Changing rooms<\/li>\n<li>Homes and collective accommodations<\/li>\n<li>Animal clinics<\/li>\n<\/ul>\n<\/div>\n<\/div>\n<\/div>\n<p>&nbsp;<\/p>\n<p><a href=\"https:\/\/uk.trotec.com\/fileadmin\/downloads\/Geruchsbeseitigung\/Airozon_14_ECO\/TRT-BA-Airozon14ECO-TC-004-EN.pdf\">Useful downloads<\/a><\/p>\n","protected":false},"excerpt":{"rendered":"<div class=\"csc-header csc-header-n1\">\n<p>Airozon\u00ae\u00a014\u00a0ECO t\u0259miz hava qoxusu il\u0259 mikrobsuz daxili m\u0259kanlar yaratma\u011fa imkan verir.<\/p>\n<p>Otell\u0259r v\u0259 otaqlar\u0131n icar\u0259si xidm\u0259tl\u0259ri, da\u015f\u0131nmaz \u0259mlak agentlikl\u0259ri, taksi \u015firk\u0259tl\u0259ri, avtomobil dilerl\u0259ri, avtomobil v\u0259 ya qay\u0131q icar\u0259si \u015firk\u0259tl\u0259ri \u2013 Trotec-d\u0259n Airozon\u00ae\u00a014\u00a0ECO kimi ozon generatoru b\u00fct\u00fcn bu m\u00fc\u0259ssis\u0259l\u0259rin t\u0259mizl\u0259yici mexanizml\u0259rinin bir hiss\u0259si olmal\u0131d\u0131r.<\/p>\n<p>T\u0259nziml\u0259n\u0259n iki m\u0259rh\u0259l\u0259li ozon \u00e7\u0131x\u0131\u015f\u0131 v\u0259 0 il\u0259\u00a0120\u00a0d\u0259qiq\u0259 aras\u0131nda m\u00fcalic\u0259 m\u00fcdd\u0259tini \u0259vv\u0259lc\u0259d\u0259n se\u00e7m\u0259k \u00fc\u00e7\u00fcn taymer funksiyas\u0131 il\u0259 Airozon\u00ae\u00a014\u00a0ECO otaqlarda v\u0259 ya n\u0259qliyyat vasit\u0259l\u0259rind\u0259 qoxular\u0131n effektiv neytralla\u015fd\u0131r\u0131lmas\u0131n\u0131 t\u0259min edir v\u0259 daxili m\u0259kanlarda v\u0259 s\u0259thl\u0259rd\u0259 otaq havas\u0131n\u0131 dezinfeksiya edir. Gec\u0259d\u0259 qonaqlar v\u0259 s\u0259rni\u015finl\u0259r bu gigiyena xidm\u0259tini v\u0259 qoxulardan t\u0259mizl\u0259nmi\u015f t\u0259miz havan\u0131n t\u0259sirini m\u00fctl\u0259q qiym\u0259tl\u0259ndir\u0259c\u0259kl\u0259r.<\/p>\n<p>Toxuculuqda, paddingl\u0259rd\u0259, \u00f6rt\u00fckl\u0259rd\u0259, p\u0259rd\u0259l\u0259rd\u0259 v\u0259 ya divar ka\u011f\u0131zlar\u0131nda xo\u015fag\u0259lm\u0259z qoxular\u0131 effektiv \u015f\u0259kild\u0259 aradan qald\u0131rmaqla yana\u015f\u0131, m\u0259s. tullant\u0131 qoxular\u0131, b\u0259d\u0259n qoxular\u0131 v\u0259 ya t\u00fcst\u00fc, ev heyvanlar\u0131 v\u0259 ya mal-qara v\u0259 ya sidik qoxular\u0131\u00a0\u2013 Airozon\u00ae\u00a014\u00a0ECO il\u0259 ozon m\u00fcalic\u0259si h\u0259m d\u0259 s\u0259thl\u0259rd\u0259 v\u0259 otaq havas\u0131ndak\u0131 bakteriya, kif sporlar\u0131 v\u0259 viruslar kimi mikroorqanizml\u0259ri aradan qald\u0131rma\u011fa imkan verir.<\/p>\n<p>Airozon\u00ae\u00a014\u00a0ECO-dan istifad\u0259 etm\u0259k \u00e7ox asand\u0131r v\u0259 \u00e7ox y\u00f6nl\u00fc \u00fcst\u00fcnl\u00fckl\u0259r t\u0259klif edir\u00a0\u2013 x\u00fcsus\u0259n d\u0259 \u0259n\u0259n\u0259vi t\u0259mizl\u0259m\u0259 \u00fcsullar\u0131 il\u0259 m\u00fcqayis\u0259d\u0259:<br \/>\nAvtomatla\u015fd\u0131r\u0131lm\u0131\u015f m\u00fcalic\u0259 prosesi, he\u00e7 bir personal\u0131n i\u015f\u0259 g\u00f6t\u00fcr\u00fclm\u0259sin\u0259 ehtiyac yoxdur<br \/>\n\u00c7ox vaxta q\u0259na\u0259t ed\u0259n prosedur<br \/>\nQ\u0259fil v\u0259 planla\u015fd\u0131r\u0131lmam\u0131\u015f \u0259m\u0259liyyatlar \u00fc\u00e7\u00fcn d\u0259 uy\u011fundur<br \/>\nH\u0259tta \u0259ld\u0259 etm\u0259k \u00e7\u0259tin olan v\u0259 mexaniki prosedurlarla \u00e7atmaq m\u00fcmk\u00fcn olmayan yerl\u0259rd\u0259 bel\u0259 i\u015fl\u0259yir<br \/>\n\u0130st\u0259nil\u0259n t\u0259tbiq sayt\u0131nda praktiki olaraq istifad\u0259 oluna bil\u0259r\u00a0\u2013 bunun \u00fc\u00e7\u00fcn sad\u0259c\u0259 elektrik rozetkas\u0131 laz\u0131md\u0131r<br \/>\nKimy\u0259vi madd\u0259l\u0259r olmadan he\u00e7 bir iz qoymadan dezinfeksiya v\u0259 qoxular\u0131n aradan qald\u0131r\u0131lmas\u0131<\/p>\n<\/div>\n","protected":false},"featured_media":21494,"template":"","meta":[],"product_brand":[],"product_cat":[812,809],"product_tag":[],"class_list":{"0":"post-23224","1":"product","2":"type-product","3":"status-publish","4":"has-post-thumbnail","6":"product_cat-hava-tmizlyicisi-tmizlm-toz-filtr","7":"product_cat-hava-nmlndiricisi-kondisioner-az-ventilyasiya-ventilyator","9":"first","10":"instock","11":"shipping-taxable","12":"product-type-simple"},"yoast_head":"<!-- This site is optimized with the Yoast SEO plugin v27.1.1 - https:\/\/yoast.com\/product\/yoast-seo-wordpress\/ -->\n<title>Ozon dezinfektoru Airozon\u00ae 14 ECO - Climate Master<\/title>\n<meta name=\"robots\" content=\"index, follow, max-snippet:-1, max-image-preview:large, max-video-preview:-1\" \/>\n<link rel=\"canonical\" href=\"https:\/\/climatemaster.ge\/az\/product\/ozone-disinfector-airozon-14-eco\/\" \/>\n<meta property=\"og:locale\" content=\"az_AZ\" \/>\n<meta property=\"og:type\" content=\"article\" \/>\n<meta property=\"og:title\" content=\"Ozon dezinfektoru Airozon\u00ae 14 ECO - Climate Master\" \/>\n<meta property=\"og:description\" content=\"Airozon\u00ae\u00a014\u00a0ECO t\u0259miz hava qoxusu il\u0259 mikrobsuz daxili m\u0259kanlar yaratma\u011fa imkan verir.  Otell\u0259r v\u0259 otaqlar\u0131n icar\u0259si xidm\u0259tl\u0259ri, da\u015f\u0131nmaz \u0259mlak agentlikl\u0259ri, taksi \u015firk\u0259tl\u0259ri, avtomobil dilerl\u0259ri, avtomobil v\u0259 ya qay\u0131q icar\u0259si \u015firk\u0259tl\u0259ri \u2013 Trotec-d\u0259n Airozon\u00ae\u00a014\u00a0ECO kimi ozon generatoru b\u00fct\u00fcn bu m\u00fc\u0259ssis\u0259l\u0259rin t\u0259mizl\u0259yici mexanizml\u0259rinin bir hiss\u0259si olmal\u0131d\u0131r.  T\u0259nziml\u0259n\u0259n iki m\u0259rh\u0259l\u0259li ozon \u00e7\u0131x\u0131\u015f\u0131 v\u0259 0 il\u0259\u00a0120\u00a0d\u0259qiq\u0259 aras\u0131nda m\u00fcalic\u0259 m\u00fcdd\u0259tini \u0259vv\u0259lc\u0259d\u0259n se\u00e7m\u0259k \u00fc\u00e7\u00fcn taymer funksiyas\u0131 il\u0259 Airozon\u00ae\u00a014\u00a0ECO otaqlarda v\u0259 ya n\u0259qliyyat vasit\u0259l\u0259rind\u0259 qoxular\u0131n effektiv neytralla\u015fd\u0131r\u0131lmas\u0131n\u0131 t\u0259min edir v\u0259 daxili m\u0259kanlarda v\u0259 s\u0259thl\u0259rd\u0259 otaq havas\u0131n\u0131 dezinfeksiya edir. Gec\u0259d\u0259 qonaqlar v\u0259 s\u0259rni\u015finl\u0259r bu gigiyena xidm\u0259tini v\u0259 qoxulardan t\u0259mizl\u0259nmi\u015f t\u0259miz havan\u0131n t\u0259sirini m\u00fctl\u0259q qiym\u0259tl\u0259ndir\u0259c\u0259kl\u0259r.  Toxuculuqda, paddingl\u0259rd\u0259, \u00f6rt\u00fckl\u0259rd\u0259, p\u0259rd\u0259l\u0259rd\u0259 v\u0259 ya divar ka\u011f\u0131zlar\u0131nda xo\u015fag\u0259lm\u0259z qoxular\u0131 effektiv \u015f\u0259kild\u0259 aradan qald\u0131rmaqla yana\u015f\u0131, m\u0259s. tullant\u0131 qoxular\u0131, b\u0259d\u0259n qoxular\u0131 v\u0259 ya t\u00fcst\u00fc, ev heyvanlar\u0131 v\u0259 ya mal-qara v\u0259 ya sidik qoxular\u0131\u00a0\u2013 Airozon\u00ae\u00a014\u00a0ECO il\u0259 ozon m\u00fcalic\u0259si h\u0259m d\u0259 s\u0259thl\u0259rd\u0259 v\u0259 otaq havas\u0131ndak\u0131 bakteriya, kif sporlar\u0131 v\u0259 viruslar kimi mikroorqanizml\u0259ri aradan qald\u0131rma\u011fa imkan verir.  Airozon\u00ae\u00a014\u00a0ECO-dan istifad\u0259 etm\u0259k \u00e7ox asand\u0131r v\u0259 \u00e7ox y\u00f6nl\u00fc \u00fcst\u00fcnl\u00fckl\u0259r t\u0259klif edir\u00a0\u2013 x\u00fcsus\u0259n d\u0259 \u0259n\u0259n\u0259vi t\u0259mizl\u0259m\u0259 \u00fcsullar\u0131 il\u0259 m\u00fcqayis\u0259d\u0259: Avtomatla\u015fd\u0131r\u0131lm\u0131\u015f m\u00fcalic\u0259 prosesi, he\u00e7 bir personal\u0131n i\u015f\u0259 g\u00f6t\u00fcr\u00fclm\u0259sin\u0259 ehtiyac yoxdur \u00c7ox vaxta q\u0259na\u0259t ed\u0259n prosedur Q\u0259fil v\u0259 planla\u015fd\u0131r\u0131lmam\u0131\u015f \u0259m\u0259liyyatlar \u00fc\u00e7\u00fcn d\u0259 uy\u011fundur H\u0259tta \u0259ld\u0259 etm\u0259k \u00e7\u0259tin olan v\u0259 mexaniki prosedurlarla \u00e7atmaq m\u00fcmk\u00fcn olmayan yerl\u0259rd\u0259 bel\u0259 i\u015fl\u0259yir \u0130st\u0259nil\u0259n t\u0259tbiq sayt\u0131nda praktiki olaraq istifad\u0259 oluna bil\u0259r\u00a0\u2013 bunun \u00fc\u00e7\u00fcn sad\u0259c\u0259 elektrik rozetkas\u0131 laz\u0131md\u0131r Kimy\u0259vi madd\u0259l\u0259r olmadan he\u00e7 bir iz qoymadan dezinfeksiya v\u0259 qoxular\u0131n aradan qald\u0131r\u0131lmas\u0131\" \/>\n<meta property=\"og:url\" content=\"https:\/\/climatemaster.ge\/az\/product\/ozone-disinfector-airozon-14-eco\/\" \/>\n<meta property=\"og:site_name\" content=\"Climate Master\" \/>\n<meta property=\"article:modified_time\" content=\"2025-02-20T18:10:02+00:00\" \/>\n<meta property=\"og:image\" content=\"https:\/\/climatemaster.ge\/wp-content\/uploads\/2024\/11\/airozon14-eco-ps-03-3f1a.jpg\" \/>\n\t<meta property=\"og:image:width\" content=\"525\" \/>\n\t<meta property=\"og:image:height\" content=\"600\" \/>\n\t<meta property=\"og:image:type\" content=\"image\/jpeg\" \/>\n<meta name=\"twitter:card\" content=\"summary_large_image\" \/>\n<meta name=\"twitter:label1\" content=\"Est. reading time\" \/>\n\t<meta name=\"twitter:data1\" content=\"1 minute\" \/>\n<script type=\"application\/ld+json\" class=\"yoast-schema-graph\">{\"@context\":\"https:\/\/schema.org\",\"@graph\":[{\"@type\":\"WebPage\",\"@id\":\"https:\/\/climatemaster.ge\/az\/product\/ozone-disinfector-airozon-14-eco\/\",\"url\":\"https:\/\/climatemaster.ge\/az\/product\/ozone-disinfector-airozon-14-eco\/\",\"name\":\"Ozon dezinfektoru Airozon\u00ae 14 ECO - Climate Master\",\"isPartOf\":{\"@id\":\"https:\/\/climatemaster.ge\/#website\"},\"primaryImageOfPage\":{\"@id\":\"https:\/\/climatemaster.ge\/az\/product\/ozone-disinfector-airozon-14-eco\/#primaryimage\"},\"image\":{\"@id\":\"https:\/\/climatemaster.ge\/az\/product\/ozone-disinfector-airozon-14-eco\/#primaryimage\"},\"thumbnailUrl\":\"https:\/\/climatemaster.ge\/wp-content\/uploads\/2024\/11\/airozon14-eco-ps-03-3f1a.jpg\",\"datePublished\":\"2024-11-11T16:13:29+00:00\",\"dateModified\":\"2025-02-20T18:10:02+00:00\",\"breadcrumb\":{\"@id\":\"https:\/\/climatemaster.ge\/az\/product\/ozone-disinfector-airozon-14-eco\/#breadcrumb\"},\"inLanguage\":\"az\",\"potentialAction\":[{\"@type\":\"ReadAction\",\"target\":[\"https:\/\/climatemaster.ge\/az\/product\/ozone-disinfector-airozon-14-eco\/\"]}]},{\"@type\":\"ImageObject\",\"inLanguage\":\"az\",\"@id\":\"https:\/\/climatemaster.ge\/az\/product\/ozone-disinfector-airozon-14-eco\/#primaryimage\",\"url\":\"https:\/\/climatemaster.ge\/wp-content\/uploads\/2024\/11\/airozon14-eco-ps-03-3f1a.jpg\",\"contentUrl\":\"https:\/\/climatemaster.ge\/wp-content\/uploads\/2024\/11\/airozon14-eco-ps-03-3f1a.jpg\",\"width\":525,\"height\":600},{\"@type\":\"BreadcrumbList\",\"@id\":\"https:\/\/climatemaster.ge\/az\/product\/ozone-disinfector-airozon-14-eco\/#breadcrumb\",\"itemListElement\":[{\"@type\":\"ListItem\",\"position\":1,\"name\":\"Home\",\"item\":\"https:\/\/climatemaster.ge\/\"},{\"@type\":\"ListItem\",\"position\":2,\"name\":\"M\u0259hsullar\",\"item\":\"https:\/\/climatemaster.ge\/products\/\"},{\"@type\":\"ListItem\",\"position\":3,\"name\":\"Ozon dezinfektoru Airozon\u00ae 14 ECO\"}]},{\"@type\":\"WebSite\",\"@id\":\"https:\/\/climatemaster.ge\/#website\",\"url\":\"https:\/\/climatemaster.ge\/\",\"name\":\"Climate Master\",\"description\":\"\",\"publisher\":{\"@id\":\"https:\/\/climatemaster.ge\/#organization\"},\"potentialAction\":[{\"@type\":\"SearchAction\",\"target\":{\"@type\":\"EntryPoint\",\"urlTemplate\":\"https:\/\/climatemaster.ge\/?s={search_term_string}\"},\"query-input\":{\"@type\":\"PropertyValueSpecification\",\"valueRequired\":true,\"valueName\":\"search_term_string\"}}],\"inLanguage\":\"az\"},{\"@type\":\"Organization\",\"@id\":\"https:\/\/climatemaster.ge\/#organization\",\"name\":\"Climate Master\",\"url\":\"https:\/\/climatemaster.ge\/\",\"logo\":{\"@type\":\"ImageObject\",\"inLanguage\":\"az\",\"@id\":\"https:\/\/climatemaster.ge\/#\/schema\/logo\/image\/\",\"url\":\"https:\/\/climatemaster.ge\/wp-content\/uploads\/2026\/03\/Untitled-2.png\",\"contentUrl\":\"https:\/\/climatemaster.ge\/wp-content\/uploads\/2026\/03\/Untitled-2.png\",\"width\":600,\"height\":338,\"caption\":\"Climate Master\"},\"image\":{\"@id\":\"https:\/\/climatemaster.ge\/#\/schema\/logo\/image\/\"}}]}<\/script>\n<!-- \/ Yoast SEO plugin. -->","yoast_head_json":{"title":"Ozon dezinfektoru Airozon\u00ae 14 ECO - Climate Master","robots":{"index":"index","follow":"follow","max-snippet":"max-snippet:-1","max-image-preview":"max-image-preview:large","max-video-preview":"max-video-preview:-1"},"canonical":"https:\/\/climatemaster.ge\/az\/product\/ozone-disinfector-airozon-14-eco\/","og_locale":"az_AZ","og_type":"article","og_title":"Ozon dezinfektoru Airozon\u00ae 14 ECO - Climate Master","og_description":"Airozon\u00ae\u00a014\u00a0ECO t\u0259miz hava qoxusu il\u0259 mikrobsuz daxili m\u0259kanlar yaratma\u011fa imkan verir.  Otell\u0259r v\u0259 otaqlar\u0131n icar\u0259si xidm\u0259tl\u0259ri, da\u015f\u0131nmaz \u0259mlak agentlikl\u0259ri, taksi \u015firk\u0259tl\u0259ri, avtomobil dilerl\u0259ri, avtomobil v\u0259 ya qay\u0131q icar\u0259si \u015firk\u0259tl\u0259ri \u2013 Trotec-d\u0259n Airozon\u00ae\u00a014\u00a0ECO kimi ozon generatoru b\u00fct\u00fcn bu m\u00fc\u0259ssis\u0259l\u0259rin t\u0259mizl\u0259yici mexanizml\u0259rinin bir hiss\u0259si olmal\u0131d\u0131r.  T\u0259nziml\u0259n\u0259n iki m\u0259rh\u0259l\u0259li ozon \u00e7\u0131x\u0131\u015f\u0131 v\u0259 0 il\u0259\u00a0120\u00a0d\u0259qiq\u0259 aras\u0131nda m\u00fcalic\u0259 m\u00fcdd\u0259tini \u0259vv\u0259lc\u0259d\u0259n se\u00e7m\u0259k \u00fc\u00e7\u00fcn taymer funksiyas\u0131 il\u0259 Airozon\u00ae\u00a014\u00a0ECO otaqlarda v\u0259 ya n\u0259qliyyat vasit\u0259l\u0259rind\u0259 qoxular\u0131n effektiv neytralla\u015fd\u0131r\u0131lmas\u0131n\u0131 t\u0259min edir v\u0259 daxili m\u0259kanlarda v\u0259 s\u0259thl\u0259rd\u0259 otaq havas\u0131n\u0131 dezinfeksiya edir. Gec\u0259d\u0259 qonaqlar v\u0259 s\u0259rni\u015finl\u0259r bu gigiyena xidm\u0259tini v\u0259 qoxulardan t\u0259mizl\u0259nmi\u015f t\u0259miz havan\u0131n t\u0259sirini m\u00fctl\u0259q qiym\u0259tl\u0259ndir\u0259c\u0259kl\u0259r.  Toxuculuqda, paddingl\u0259rd\u0259, \u00f6rt\u00fckl\u0259rd\u0259, p\u0259rd\u0259l\u0259rd\u0259 v\u0259 ya divar ka\u011f\u0131zlar\u0131nda xo\u015fag\u0259lm\u0259z qoxular\u0131 effektiv \u015f\u0259kild\u0259 aradan qald\u0131rmaqla yana\u015f\u0131, m\u0259s. tullant\u0131 qoxular\u0131, b\u0259d\u0259n qoxular\u0131 v\u0259 ya t\u00fcst\u00fc, ev heyvanlar\u0131 v\u0259 ya mal-qara v\u0259 ya sidik qoxular\u0131\u00a0\u2013 Airozon\u00ae\u00a014\u00a0ECO il\u0259 ozon m\u00fcalic\u0259si h\u0259m d\u0259 s\u0259thl\u0259rd\u0259 v\u0259 otaq havas\u0131ndak\u0131 bakteriya, kif sporlar\u0131 v\u0259 viruslar kimi mikroorqanizml\u0259ri aradan qald\u0131rma\u011fa imkan verir.  Airozon\u00ae\u00a014\u00a0ECO-dan istifad\u0259 etm\u0259k \u00e7ox asand\u0131r v\u0259 \u00e7ox y\u00f6nl\u00fc \u00fcst\u00fcnl\u00fckl\u0259r t\u0259klif edir\u00a0\u2013 x\u00fcsus\u0259n d\u0259 \u0259n\u0259n\u0259vi t\u0259mizl\u0259m\u0259 \u00fcsullar\u0131 il\u0259 m\u00fcqayis\u0259d\u0259: Avtomatla\u015fd\u0131r\u0131lm\u0131\u015f m\u00fcalic\u0259 prosesi, he\u00e7 bir personal\u0131n i\u015f\u0259 g\u00f6t\u00fcr\u00fclm\u0259sin\u0259 ehtiyac yoxdur \u00c7ox vaxta q\u0259na\u0259t ed\u0259n prosedur Q\u0259fil v\u0259 planla\u015fd\u0131r\u0131lmam\u0131\u015f \u0259m\u0259liyyatlar \u00fc\u00e7\u00fcn d\u0259 uy\u011fundur H\u0259tta \u0259ld\u0259 etm\u0259k \u00e7\u0259tin olan v\u0259 mexaniki prosedurlarla \u00e7atmaq m\u00fcmk\u00fcn olmayan yerl\u0259rd\u0259 bel\u0259 i\u015fl\u0259yir \u0130st\u0259nil\u0259n t\u0259tbiq sayt\u0131nda praktiki olaraq istifad\u0259 oluna bil\u0259r\u00a0\u2013 bunun \u00fc\u00e7\u00fcn sad\u0259c\u0259 elektrik rozetkas\u0131 laz\u0131md\u0131r Kimy\u0259vi madd\u0259l\u0259r olmadan he\u00e7 bir iz qoymadan dezinfeksiya v\u0259 qoxular\u0131n aradan qald\u0131r\u0131lmas\u0131","og_url":"https:\/\/climatemaster.ge\/az\/product\/ozone-disinfector-airozon-14-eco\/","og_site_name":"Climate Master","article_modified_time":"2025-02-20T18:10:02+00:00","og_image":[{"width":525,"height":600,"url":"https:\/\/climatemaster.ge\/wp-content\/uploads\/2024\/11\/airozon14-eco-ps-03-3f1a.jpg","type":"image\/jpeg"}],"twitter_card":"summary_large_image","twitter_misc":{"Est. reading time":"1 minute"},"schema":{"@context":"https:\/\/schema.org","@graph":[{"@type":"WebPage","@id":"https:\/\/climatemaster.ge\/az\/product\/ozone-disinfector-airozon-14-eco\/","url":"https:\/\/climatemaster.ge\/az\/product\/ozone-disinfector-airozon-14-eco\/","name":"Ozon dezinfektoru Airozon\u00ae 14 ECO - Climate Master","isPartOf":{"@id":"https:\/\/climatemaster.ge\/#website"},"primaryImageOfPage":{"@id":"https:\/\/climatemaster.ge\/az\/product\/ozone-disinfector-airozon-14-eco\/#primaryimage"},"image":{"@id":"https:\/\/climatemaster.ge\/az\/product\/ozone-disinfector-airozon-14-eco\/#primaryimage"},"thumbnailUrl":"https:\/\/climatemaster.ge\/wp-content\/uploads\/2024\/11\/airozon14-eco-ps-03-3f1a.jpg","datePublished":"2024-11-11T16:13:29+00:00","dateModified":"2025-02-20T18:10:02+00:00","breadcrumb":{"@id":"https:\/\/climatemaster.ge\/az\/product\/ozone-disinfector-airozon-14-eco\/#breadcrumb"},"inLanguage":"az","potentialAction":[{"@type":"ReadAction","target":["https:\/\/climatemaster.ge\/az\/product\/ozone-disinfector-airozon-14-eco\/"]}]},{"@type":"ImageObject","inLanguage":"az","@id":"https:\/\/climatemaster.ge\/az\/product\/ozone-disinfector-airozon-14-eco\/#primaryimage","url":"https:\/\/climatemaster.ge\/wp-content\/uploads\/2024\/11\/airozon14-eco-ps-03-3f1a.jpg","contentUrl":"https:\/\/climatemaster.ge\/wp-content\/uploads\/2024\/11\/airozon14-eco-ps-03-3f1a.jpg","width":525,"height":600},{"@type":"BreadcrumbList","@id":"https:\/\/climatemaster.ge\/az\/product\/ozone-disinfector-airozon-14-eco\/#breadcrumb","itemListElement":[{"@type":"ListItem","position":1,"name":"Home","item":"https:\/\/climatemaster.ge\/"},{"@type":"ListItem","position":2,"name":"M\u0259hsullar","item":"https:\/\/climatemaster.ge\/products\/"},{"@type":"ListItem","position":3,"name":"Ozon dezinfektoru Airozon\u00ae 14 ECO"}]},{"@type":"WebSite","@id":"https:\/\/climatemaster.ge\/#website","url":"https:\/\/climatemaster.ge\/","name":"Climate Master","description":"","publisher":{"@id":"https:\/\/climatemaster.ge\/#organization"},"potentialAction":[{"@type":"SearchAction","target":{"@type":"EntryPoint","urlTemplate":"https:\/\/climatemaster.ge\/?s={search_term_string}"},"query-input":{"@type":"PropertyValueSpecification","valueRequired":true,"valueName":"search_term_string"}}],"inLanguage":"az"},{"@type":"Organization","@id":"https:\/\/climatemaster.ge\/#organization","name":"Climate Master","url":"https:\/\/climatemaster.ge\/","logo":{"@type":"ImageObject","inLanguage":"az","@id":"https:\/\/climatemaster.ge\/#\/schema\/logo\/image\/","url":"https:\/\/climatemaster.ge\/wp-content\/uploads\/2026\/03\/Untitled-2.png","contentUrl":"https:\/\/climatemaster.ge\/wp-content\/uploads\/2026\/03\/Untitled-2.png","width":600,"height":338,"caption":"Climate Master"},"image":{"@id":"https:\/\/climatemaster.ge\/#\/schema\/logo\/image\/"}}]}},"_links":{"self":[{"href":"https:\/\/climatemaster.ge\/az\/wp-json\/wp\/v2\/product\/23224","targetHints":{"allow":["GET"]}}],"collection":[{"href":"https:\/\/climatemaster.ge\/az\/wp-json\/wp\/v2\/product"}],"about":[{"href":"https:\/\/climatemaster.ge\/az\/wp-json\/wp\/v2\/types\/product"}],"wp:featuredmedia":[{"embeddable":true,"href":"https:\/\/climatemaster.ge\/az\/wp-json\/wp\/v2\/media\/21494"}],"wp:attachment":[{"href":"https:\/\/climatemaster.ge\/az\/wp-json\/wp\/v2\/media?parent=23224"}],"wp:term":[{"taxonomy":"product_brand","embeddable":true,"href":"https:\/\/climatemaster.ge\/az\/wp-json\/wp\/v2\/product_brand?post=23224"},{"taxonomy":"product_cat","embeddable":true,"href":"https:\/\/climatemaster.ge\/az\/wp-json\/wp\/v2\/product_cat?post=23224"},{"taxonomy":"product_tag","embeddable":true,"href":"https:\/\/climatemaster.ge\/az\/wp-json\/wp\/v2\/product_tag?post=23224"}],"curies":[{"name":"wp","href":"https:\/\/api.w.org\/{rel}","templated":true}]}}