{"id":23183,"date":"2025-01-13T15:08:52","date_gmt":"2025-01-13T11:08:52","guid":{"rendered":"https:\/\/airsystems.ge\/shop\/product\/pyrometer-bp17-infrared-thermometer-for-non-contact-surface-temperature-measurement\/"},"modified":"2025-02-20T13:48:21","modified_gmt":"2025-02-20T09:48:21","slug":"pyrometer-bp17-infrared-thermometer-for-non-contact-surface-temperature-measurement","status":"publish","type":"product","link":"https:\/\/climatemaster.ge\/az\/product\/pyrometer-bp17-infrared-thermometer-for-non-contact-surface-temperature-measurement\/","title":{"rendered":"Pirometr BP17 T\u0259mass\u0131z s\u0259th istiliyinin \u00f6l\u00e7\u00fclm\u0259si \u00fc\u00e7\u00fcn infraq\u0131rm\u0131z\u0131 termometr"},"content":{"rendered":"<p>Pirometr BP17<br \/>\nT\u0259mass\u0131z s\u0259th istiliyinin \u00f6l\u00e7\u00fclm\u0259si \u00fc\u00e7\u00fcn infraq\u0131rm\u0131z\u0131 termometr<\/p>\n<p>Bir d\u00fcym\u0259ni basmaqla d\u0259qiq \u00f6l\u00e7m\u0259 n\u0259tic\u0259l\u0259ri<br \/>\n\u0130st\u0259r kommersiya sektorundan, ist\u0259rs\u0259 d\u0259 hobbi sektorundan dan\u0131\u015f\u0131r\u0131q &#8211; elektrik cihazlar\u0131n\u0131n, m\u00fch\u0259rrikl\u0259rin, soyutma sisteml\u0259rinin v\u0259 ya divarlar\u0131n s\u0259thinin temperaturunun monitorinqi enerji s\u0259m\u0259r\u0259liliyin\u0259 g\u0259ldikd\u0259 m\u00fch\u00fcm m\u0259s\u0259l\u0259dir. Davaml\u0131 temperaturun \u00f6l\u00e7\u00fclm\u0259si \u00e7ox vaxt daha geni\u015f z\u0259d\u0259l\u0259nm\u0259l\u0259rin v\u0259 bahal\u0131 b\u0259rpa i\u015fl\u0259rinin qar\u015f\u0131s\u0131n\u0131 al\u0131r. \u00c7ox isti v\u0259 ya soyuq ola bil\u0259c\u0259k s\u0259thl\u0259r\u0259 toxunmaq m\u0259cburiyy\u0259tind\u0259 olmad\u0131\u011f\u0131n\u0131z \u00fc\u00e7\u00fcn infraq\u0131rm\u0131z\u0131 \u015f\u00fcalanma il\u0259 \u00f6l\u00e7m\u0259 aparark\u0259n h\u0259mi\u015f\u0259 t\u0259hl\u00fck\u0259siz davran\u0131rs\u0131n\u0131z.<\/p>\n<p>T\u0259cr\u00fcb\u0259nin \u00fcst\u00fcnl\u00fckl\u0259ri:<\/p>\n<p>-50 \u00b0C-d\u0259n +380 \u00b0C-\u0259 q\u0259d\u0259r t\u0259masda olmayan s\u0259th temperaturunun \u00f6l\u00e7\u00fclm\u0259si<br \/>\n\u018fvv\u0259lc\u0259d\u0259n se\u00e7ilmi\u015f temperatur f\u0259rqi ke\u00e7dikd\u0259 v\u0259 ya a\u015fa\u011f\u0131 d\u00fc\u015fd\u00fckd\u0259 akustik v\u0259 vizual h\u0259y\u0259can siqnal\u0131<br \/>\nT\u0259nziml\u0259n\u0259n h\u0259ssasl\u0131q s\u0259viyy\u0259l\u0259ri: OFF \/ 1 \u00b0C \/ 3 \u00b0C \/ 5 \u00b0C<br \/>\n\u00d6l\u00e7m\u0259 optikas\u0131 10:1<br \/>\nD\u0259yi\u015fdiril\u0259 bil\u0259n optik h\u0259d\u0259f lazeri<br \/>\n\u0130\u015f\u0131ql\u0131 ekran<br \/>\nAvtomatik s\u00f6nm\u0259 v\u0259 batareya v\u0259ziyy\u0259ti g\u00f6st\u0259ricisi<br \/>\n\u0130nki\u015faf, dizayn, istehsal: 100% Trotec<br \/>\nT\u0259cr\u00fcb\u0259d\u0259 optimalla\u015fd\u0131r\u0131lm\u0131\u015f Alman s\u0259naye dizayn\u0131 &#8211; qorunan dizayn patenti<br \/>\nOptimal qiym\u0259t-performans nisb\u0259ti<\/p>\n","protected":false},"excerpt":{"rendered":"<h2><a href=\"https:\/\/uk.trotec.com\/fileadmin\/downloads\/Temperatur\/BP17\/TRT-CE-BP17-HS-001-EN.pdf\" target=\"_blank\" rel=\"noopener\">Declaration of conformity for pyrometer BP17 (INT)<\/a><\/h2>\n<h2><a href=\"https:\/\/uk.trotec.com\/fileadmin\/downloads\/Temperatur\/BP17\/TRT-KA-BP17-TC-007-INT.pdf\" target=\"_blank\" rel=\"noopener\">Quick guide for pyrometer BP17_V2018 (INT)<\/a><\/h2>\n","protected":false},"featured_media":21794,"template":"","meta":[],"product_brand":[],"product_cat":[820,825,817],"product_tag":[],"class_list":{"0":"post-23183","1":"product","2":"type-product","3":"status-publish","4":"has-post-thumbnail","6":"product_cat-olcm-texnologiyasi-cihazlari-altlri-az","7":"product_cat-pirometr-termometr-infraqirmizi-az","8":"product_cat-trotec-az","10":"first","11":"instock","12":"sale","13":"shipping-taxable","14":"purchasable","15":"product-type-simple"},"yoast_head":"<!-- This site is optimized with the Yoast SEO plugin v27.1.1 - https:\/\/yoast.com\/product\/yoast-seo-wordpress\/ -->\n<title>Pirometr BP17 T\u0259mass\u0131z s\u0259th istiliyinin \u00f6l\u00e7\u00fclm\u0259si \u00fc\u00e7\u00fcn infraq\u0131rm\u0131z\u0131 termometr - Climate Master<\/title>\n<meta name=\"robots\" content=\"index, follow, max-snippet:-1, max-image-preview:large, max-video-preview:-1\" \/>\n<link rel=\"canonical\" href=\"https:\/\/climatemaster.ge\/az\/product\/pyrometer-bp17-infrared-thermometer-for-non-contact-surface-temperature-measurement\/\" \/>\n<meta property=\"og:locale\" content=\"az_AZ\" \/>\n<meta property=\"og:type\" content=\"article\" \/>\n<meta property=\"og:title\" content=\"Pirometr BP17 T\u0259mass\u0131z s\u0259th istiliyinin \u00f6l\u00e7\u00fclm\u0259si \u00fc\u00e7\u00fcn infraq\u0131rm\u0131z\u0131 termometr - Climate Master\" \/>\n<meta property=\"og:description\" content=\"Declaration of conformity for pyrometer BP17 (INT) Quick guide for pyrometer BP17_V2018 (INT)\" \/>\n<meta property=\"og:url\" content=\"https:\/\/climatemaster.ge\/az\/product\/pyrometer-bp17-infrared-thermometer-for-non-contact-surface-temperature-measurement\/\" \/>\n<meta property=\"og:site_name\" content=\"Climate Master\" \/>\n<meta property=\"article:modified_time\" content=\"2025-02-20T09:48:21+00:00\" \/>\n<meta property=\"og:image\" content=\"https:\/\/climatemaster.ge\/wp-content\/uploads\/2025\/01\/bp17-916d.jpg\" \/>\n\t<meta property=\"og:image:width\" content=\"910\" \/>\n\t<meta property=\"og:image:height\" content=\"600\" \/>\n\t<meta property=\"og:image:type\" content=\"image\/jpeg\" \/>\n<meta name=\"twitter:card\" content=\"summary_large_image\" \/>\n<meta name=\"twitter:label1\" content=\"Est. reading time\" \/>\n\t<meta name=\"twitter:data1\" content=\"1 minute\" \/>\n<script type=\"application\/ld+json\" class=\"yoast-schema-graph\">{\"@context\":\"https:\/\/schema.org\",\"@graph\":[{\"@type\":\"WebPage\",\"@id\":\"https:\/\/climatemaster.ge\/az\/product\/pyrometer-bp17-infrared-thermometer-for-non-contact-surface-temperature-measurement\/\",\"url\":\"https:\/\/climatemaster.ge\/az\/product\/pyrometer-bp17-infrared-thermometer-for-non-contact-surface-temperature-measurement\/\",\"name\":\"Pirometr BP17 T\u0259mass\u0131z s\u0259th istiliyinin \u00f6l\u00e7\u00fclm\u0259si \u00fc\u00e7\u00fcn infraq\u0131rm\u0131z\u0131 termometr - Climate Master\",\"isPartOf\":{\"@id\":\"https:\/\/climatemaster.ge\/#website\"},\"primaryImageOfPage\":{\"@id\":\"https:\/\/climatemaster.ge\/az\/product\/pyrometer-bp17-infrared-thermometer-for-non-contact-surface-temperature-measurement\/#primaryimage\"},\"image\":{\"@id\":\"https:\/\/climatemaster.ge\/az\/product\/pyrometer-bp17-infrared-thermometer-for-non-contact-surface-temperature-measurement\/#primaryimage\"},\"thumbnailUrl\":\"https:\/\/climatemaster.ge\/wp-content\/uploads\/2025\/01\/bp17-916d.jpg\",\"datePublished\":\"2025-01-13T11:08:52+00:00\",\"dateModified\":\"2025-02-20T09:48:21+00:00\",\"breadcrumb\":{\"@id\":\"https:\/\/climatemaster.ge\/az\/product\/pyrometer-bp17-infrared-thermometer-for-non-contact-surface-temperature-measurement\/#breadcrumb\"},\"inLanguage\":\"az\",\"potentialAction\":[{\"@type\":\"ReadAction\",\"target\":[\"https:\/\/climatemaster.ge\/az\/product\/pyrometer-bp17-infrared-thermometer-for-non-contact-surface-temperature-measurement\/\"]}]},{\"@type\":\"ImageObject\",\"inLanguage\":\"az\",\"@id\":\"https:\/\/climatemaster.ge\/az\/product\/pyrometer-bp17-infrared-thermometer-for-non-contact-surface-temperature-measurement\/#primaryimage\",\"url\":\"https:\/\/climatemaster.ge\/wp-content\/uploads\/2025\/01\/bp17-916d.jpg\",\"contentUrl\":\"https:\/\/climatemaster.ge\/wp-content\/uploads\/2025\/01\/bp17-916d.jpg\",\"width\":910,\"height\":600},{\"@type\":\"BreadcrumbList\",\"@id\":\"https:\/\/climatemaster.ge\/az\/product\/pyrometer-bp17-infrared-thermometer-for-non-contact-surface-temperature-measurement\/#breadcrumb\",\"itemListElement\":[{\"@type\":\"ListItem\",\"position\":1,\"name\":\"Home\",\"item\":\"https:\/\/climatemaster.ge\/\"},{\"@type\":\"ListItem\",\"position\":2,\"name\":\"M\u0259hsullar\",\"item\":\"https:\/\/climatemaster.ge\/products\/\"},{\"@type\":\"ListItem\",\"position\":3,\"name\":\"Pirometr BP17 T\u0259mass\u0131z s\u0259th istiliyinin \u00f6l\u00e7\u00fclm\u0259si \u00fc\u00e7\u00fcn infraq\u0131rm\u0131z\u0131 termometr\"}]},{\"@type\":\"WebSite\",\"@id\":\"https:\/\/climatemaster.ge\/#website\",\"url\":\"https:\/\/climatemaster.ge\/\",\"name\":\"Climate Master\",\"description\":\"\",\"publisher\":{\"@id\":\"https:\/\/climatemaster.ge\/#organization\"},\"potentialAction\":[{\"@type\":\"SearchAction\",\"target\":{\"@type\":\"EntryPoint\",\"urlTemplate\":\"https:\/\/climatemaster.ge\/?s={search_term_string}\"},\"query-input\":{\"@type\":\"PropertyValueSpecification\",\"valueRequired\":true,\"valueName\":\"search_term_string\"}}],\"inLanguage\":\"az\"},{\"@type\":\"Organization\",\"@id\":\"https:\/\/climatemaster.ge\/#organization\",\"name\":\"Climate Master\",\"url\":\"https:\/\/climatemaster.ge\/\",\"logo\":{\"@type\":\"ImageObject\",\"inLanguage\":\"az\",\"@id\":\"https:\/\/climatemaster.ge\/#\/schema\/logo\/image\/\",\"url\":\"https:\/\/climatemaster.ge\/wp-content\/uploads\/2026\/03\/Untitled-2.png\",\"contentUrl\":\"https:\/\/climatemaster.ge\/wp-content\/uploads\/2026\/03\/Untitled-2.png\",\"width\":600,\"height\":338,\"caption\":\"Climate Master\"},\"image\":{\"@id\":\"https:\/\/climatemaster.ge\/#\/schema\/logo\/image\/\"}}]}<\/script>\n<!-- \/ Yoast SEO plugin. -->","yoast_head_json":{"title":"Pirometr BP17 T\u0259mass\u0131z s\u0259th istiliyinin \u00f6l\u00e7\u00fclm\u0259si \u00fc\u00e7\u00fcn infraq\u0131rm\u0131z\u0131 termometr - Climate Master","robots":{"index":"index","follow":"follow","max-snippet":"max-snippet:-1","max-image-preview":"max-image-preview:large","max-video-preview":"max-video-preview:-1"},"canonical":"https:\/\/climatemaster.ge\/az\/product\/pyrometer-bp17-infrared-thermometer-for-non-contact-surface-temperature-measurement\/","og_locale":"az_AZ","og_type":"article","og_title":"Pirometr BP17 T\u0259mass\u0131z s\u0259th istiliyinin \u00f6l\u00e7\u00fclm\u0259si \u00fc\u00e7\u00fcn infraq\u0131rm\u0131z\u0131 termometr - Climate Master","og_description":"Declaration of conformity for pyrometer BP17 (INT) Quick guide for pyrometer BP17_V2018 (INT)","og_url":"https:\/\/climatemaster.ge\/az\/product\/pyrometer-bp17-infrared-thermometer-for-non-contact-surface-temperature-measurement\/","og_site_name":"Climate Master","article_modified_time":"2025-02-20T09:48:21+00:00","og_image":[{"width":910,"height":600,"url":"https:\/\/climatemaster.ge\/wp-content\/uploads\/2025\/01\/bp17-916d.jpg","type":"image\/jpeg"}],"twitter_card":"summary_large_image","twitter_misc":{"Est. reading time":"1 minute"},"schema":{"@context":"https:\/\/schema.org","@graph":[{"@type":"WebPage","@id":"https:\/\/climatemaster.ge\/az\/product\/pyrometer-bp17-infrared-thermometer-for-non-contact-surface-temperature-measurement\/","url":"https:\/\/climatemaster.ge\/az\/product\/pyrometer-bp17-infrared-thermometer-for-non-contact-surface-temperature-measurement\/","name":"Pirometr BP17 T\u0259mass\u0131z s\u0259th istiliyinin \u00f6l\u00e7\u00fclm\u0259si \u00fc\u00e7\u00fcn infraq\u0131rm\u0131z\u0131 termometr - Climate Master","isPartOf":{"@id":"https:\/\/climatemaster.ge\/#website"},"primaryImageOfPage":{"@id":"https:\/\/climatemaster.ge\/az\/product\/pyrometer-bp17-infrared-thermometer-for-non-contact-surface-temperature-measurement\/#primaryimage"},"image":{"@id":"https:\/\/climatemaster.ge\/az\/product\/pyrometer-bp17-infrared-thermometer-for-non-contact-surface-temperature-measurement\/#primaryimage"},"thumbnailUrl":"https:\/\/climatemaster.ge\/wp-content\/uploads\/2025\/01\/bp17-916d.jpg","datePublished":"2025-01-13T11:08:52+00:00","dateModified":"2025-02-20T09:48:21+00:00","breadcrumb":{"@id":"https:\/\/climatemaster.ge\/az\/product\/pyrometer-bp17-infrared-thermometer-for-non-contact-surface-temperature-measurement\/#breadcrumb"},"inLanguage":"az","potentialAction":[{"@type":"ReadAction","target":["https:\/\/climatemaster.ge\/az\/product\/pyrometer-bp17-infrared-thermometer-for-non-contact-surface-temperature-measurement\/"]}]},{"@type":"ImageObject","inLanguage":"az","@id":"https:\/\/climatemaster.ge\/az\/product\/pyrometer-bp17-infrared-thermometer-for-non-contact-surface-temperature-measurement\/#primaryimage","url":"https:\/\/climatemaster.ge\/wp-content\/uploads\/2025\/01\/bp17-916d.jpg","contentUrl":"https:\/\/climatemaster.ge\/wp-content\/uploads\/2025\/01\/bp17-916d.jpg","width":910,"height":600},{"@type":"BreadcrumbList","@id":"https:\/\/climatemaster.ge\/az\/product\/pyrometer-bp17-infrared-thermometer-for-non-contact-surface-temperature-measurement\/#breadcrumb","itemListElement":[{"@type":"ListItem","position":1,"name":"Home","item":"https:\/\/climatemaster.ge\/"},{"@type":"ListItem","position":2,"name":"M\u0259hsullar","item":"https:\/\/climatemaster.ge\/products\/"},{"@type":"ListItem","position":3,"name":"Pirometr BP17 T\u0259mass\u0131z s\u0259th istiliyinin \u00f6l\u00e7\u00fclm\u0259si \u00fc\u00e7\u00fcn infraq\u0131rm\u0131z\u0131 termometr"}]},{"@type":"WebSite","@id":"https:\/\/climatemaster.ge\/#website","url":"https:\/\/climatemaster.ge\/","name":"Climate Master","description":"","publisher":{"@id":"https:\/\/climatemaster.ge\/#organization"},"potentialAction":[{"@type":"SearchAction","target":{"@type":"EntryPoint","urlTemplate":"https:\/\/climatemaster.ge\/?s={search_term_string}"},"query-input":{"@type":"PropertyValueSpecification","valueRequired":true,"valueName":"search_term_string"}}],"inLanguage":"az"},{"@type":"Organization","@id":"https:\/\/climatemaster.ge\/#organization","name":"Climate Master","url":"https:\/\/climatemaster.ge\/","logo":{"@type":"ImageObject","inLanguage":"az","@id":"https:\/\/climatemaster.ge\/#\/schema\/logo\/image\/","url":"https:\/\/climatemaster.ge\/wp-content\/uploads\/2026\/03\/Untitled-2.png","contentUrl":"https:\/\/climatemaster.ge\/wp-content\/uploads\/2026\/03\/Untitled-2.png","width":600,"height":338,"caption":"Climate Master"},"image":{"@id":"https:\/\/climatemaster.ge\/#\/schema\/logo\/image\/"}}]}},"_links":{"self":[{"href":"https:\/\/climatemaster.ge\/az\/wp-json\/wp\/v2\/product\/23183","targetHints":{"allow":["GET"]}}],"collection":[{"href":"https:\/\/climatemaster.ge\/az\/wp-json\/wp\/v2\/product"}],"about":[{"href":"https:\/\/climatemaster.ge\/az\/wp-json\/wp\/v2\/types\/product"}],"wp:featuredmedia":[{"embeddable":true,"href":"https:\/\/climatemaster.ge\/az\/wp-json\/wp\/v2\/media\/21794"}],"wp:attachment":[{"href":"https:\/\/climatemaster.ge\/az\/wp-json\/wp\/v2\/media?parent=23183"}],"wp:term":[{"taxonomy":"product_brand","embeddable":true,"href":"https:\/\/climatemaster.ge\/az\/wp-json\/wp\/v2\/product_brand?post=23183"},{"taxonomy":"product_cat","embeddable":true,"href":"https:\/\/climatemaster.ge\/az\/wp-json\/wp\/v2\/product_cat?post=23183"},{"taxonomy":"product_tag","embeddable":true,"href":"https:\/\/climatemaster.ge\/az\/wp-json\/wp\/v2\/product_tag?post=23183"}],"curies":[{"name":"wp","href":"https:\/\/api.w.org\/{rel}","templated":true}]}}